{"id":301,"date":"2022-04-13T02:10:28","date_gmt":"2022-04-13T02:10:28","guid":{"rendered":"https:\/\/tekno-pet.com.tr\/?page_id=301"},"modified":"2022-04-21T11:59:11","modified_gmt":"2022-04-21T11:59:11","slug":"taahhutlerimiz","status":"publish","type":"page","link":"https:\/\/tekno-pet.com.tr\/index.php\/taahhutlerimiz\/","title":{"rendered":"Taahh\u00fctlerimiz"},"content":{"rendered":"<h1 style=\"text-align: center;\">Taahh\u00fctlerimiz<\/h1>\n<p>Ba\u015far\u0131lar\u0131m\u0131z\u0131 s\u00fcrekli k\u0131lmak ve uzun vadeye ta\u015f\u0131mak nihai hedefimizidir. De\u011fi\u015fime h\u0131zla uyum sa\u011flayan, \u00fcretken, verimli ve \u00e7abuk tepki veren bir kurum olmaya devam edece\u011fiz. Ko\u015fullar ne olursa olsun, kaliteli \u00fcr\u00fcn ve hizmet politikas\u0131ndan, ilkelerimizden ve d\u00fcr\u00fcst kimli\u011fimizden taviz vermeyece\u011fiz. \u0130\u015f sa\u011fl\u0131\u011f\u0131 ve g\u00fcvenli\u011fi politikam\u0131z t\u00fcm payda\u015flar\u0131m\u0131za a\u00e7\u0131k olacak ve m\u00fc\u015fteri memnuniyeti temel unsur olarak kalacakt\u0131r.<\/p>\n<p>M\u00fc\u015fterilerimiz, \u00e7al\u0131\u015fanlar\u0131m\u0131z, ta\u015feronlar\u0131m\u0131z varl\u0131k nedenimizdir. \u00c7al\u0131\u015fma ortamlar\u0131m\u0131z\u0131n g\u00fcvenli ve sa\u011fl\u0131kl\u0131 olmas\u0131 i\u00e7in gerekli \u00f6nlemleri alacak ve bunlar\u0131n korunmas\u0131na \u00f6ncelik verece\u011fiz.\u00dclkemiz ve \u00e7al\u0131\u015ft\u0131\u011f\u0131m\u0131z \u00fclkelerdeki yasal mevzuatlara ve i\u015f g\u00fcvenli\u011fi y\u00f6netmeliklerine uyaca\u011f\u0131z. T\u00fcm politika ve taahh\u00fctlerimiz, s\u00fcrekli iyile\u015ftirilmesi i\u00e7in \u00e7al\u0131\u015fanlar\u0131m\u0131z\u0131n kat\u0131l\u0131m ve deste\u011fi ile takip edilecek, sonu\u00e7lar\u0131 \u00fcst y\u00f6netim taraf\u0131ndan d\u00f6nemsel olarak g\u00f6zden ge\u00e7irilecektir.<\/p>\n","protected":false},"excerpt":{"rendered":"<p>Taahh\u00fctlerimiz Ba\u015far\u0131lar\u0131m\u0131z\u0131 s\u00fcrekli k\u0131lmak ve uzun vadeye ta\u015f\u0131mak nihai hedefimizidir. De\u011fi\u015fime h\u0131zla uyum sa\u011flayan, \u00fcretken, verimli ve \u00e7abuk tepki veren bir kurum olmaya devam edece\u011fiz. Ko\u015fullar ne olursa olsun, kaliteli \u00fcr\u00fcn ve hizmet politikas\u0131ndan, ilkelerimizden ve d\u00fcr\u00fcst kimli\u011fimizden taviz vermeyece\u011fiz. \u0130\u015f sa\u011fl\u0131\u011f\u0131 ve g\u00fcvenli\u011fi politikam\u0131z t\u00fcm payda\u015flar\u0131m\u0131za a\u00e7\u0131k olacak ve m\u00fc\u015fteri memnuniyeti temel unsur olarak [&hellip;]<\/p>\n","protected":false},"author":1,"featured_media":0,"parent":0,"menu_order":0,"comment_status":"closed","ping_status":"closed","template":"","meta":{"footnotes":""},"class_list":["post-301","page","type-page","status-publish","hentry"],"_links":{"self":[{"href":"https:\/\/tekno-pet.com.tr\/index.php\/wp-json\/wp\/v2\/pages\/301"}],"collection":[{"href":"https:\/\/tekno-pet.com.tr\/index.php\/wp-json\/wp\/v2\/pages"}],"about":[{"href":"https:\/\/tekno-pet.com.tr\/index.php\/wp-json\/wp\/v2\/types\/page"}],"author":[{"embeddable":true,"href":"https:\/\/tekno-pet.com.tr\/index.php\/wp-json\/wp\/v2\/users\/1"}],"replies":[{"embeddable":true,"href":"https:\/\/tekno-pet.com.tr\/index.php\/wp-json\/wp\/v2\/comments?post=301"}],"version-history":[{"count":2,"href":"https:\/\/tekno-pet.com.tr\/index.php\/wp-json\/wp\/v2\/pages\/301\/revisions"}],"predecessor-version":[{"id":374,"href":"https:\/\/tekno-pet.com.tr\/index.php\/wp-json\/wp\/v2\/pages\/301\/revisions\/374"}],"wp:attachment":[{"href":"https:\/\/tekno-pet.com.tr\/index.php\/wp-json\/wp\/v2\/media?parent=301"}],"curies":[{"name":"wp","href":"https:\/\/api.w.org\/{rel}","templated":true}]}}