{"id":299,"date":"2022-04-13T02:09:41","date_gmt":"2022-04-13T02:09:41","guid":{"rendered":"https:\/\/tekno-pet.com.tr\/?page_id=299"},"modified":"2022-04-21T13:33:37","modified_gmt":"2022-04-21T13:33:37","slug":"yonetim-sistemleri","status":"publish","type":"page","link":"https:\/\/tekno-pet.com.tr\/index.php\/yonetim-sistemleri\/","title":{"rendered":"Y\u00f6netim sistemleri"},"content":{"rendered":"<h1 style=\"text-align: center;\">Y\u00f6netim Sistemleri<\/h1>\n<p><strong>M\u00fc\u015fteri Odakl\u0131 Hizmet:<\/strong>\u00a0Standartlara ve m\u00fc\u015fteri beklentisine uygun yap\u0131lar\u0131 zaman\u0131nda sunarak, m\u00fc\u015fteri memnuniyetini en \u00fcst seviyeye ta\u015f\u0131mak.<\/p>\n<p><strong>Bireye Yat\u0131r\u0131m:<\/strong>\u00a0T\u00fcm faaliyetlerimizde uygulad\u0131\u011f\u0131m\u0131z; kalite, \u00e7evre, mimari estetik, i\u015f sa\u011fl\u0131\u011f\u0131 ve g\u00fcvenli\u011fi, y\u00f6netim sistemleri konular\u0131nda, bilin\u00e7li ve nitelikli personel yeti\u015ftirmek \u00fczere e\u011fitim s\u00fcre\u00e7leri \u00fczerinde titizlikle durmak.<\/p>\n<p><strong>S\u00fcrekli Geli\u015fim:<\/strong>\u00a0\u00c7al\u0131\u015fanlara, yeni teknolojilere, \u00e7evreye, i\u015f sa\u011fl\u0131\u011f\u0131 ve g\u00fcvenli\u011fine yap\u0131lan yat\u0131r\u0131mlarla s\u00fcrekli geli\u015fimi sa\u011flamak.<\/p>\n<p><strong>\u0130\u015f Sa\u011fl\u0131\u011f\u0131 ve G\u00fcvence Bilinci:<\/strong>\u00a0T\u00fcm faaliyetlerimizde; yasal mevzuat ve \u015fartlara uyarak, sa\u011fl\u0131k ve g\u00fcvenlik a\u00e7\u0131s\u0131ndan olu\u015fabilecek riskleri analiz ederek ve gerekli tedbirleri alarak, \u00e7al\u0131\u015fma ortam\u0131n\u0131 ve \u00e7al\u0131\u015fanlar\u0131 g\u00fcvence alt\u0131na almak.<\/p>\n","protected":false},"excerpt":{"rendered":"<p>Y\u00f6netim Sistemleri M\u00fc\u015fteri Odakl\u0131 Hizmet:\u00a0Standartlara ve m\u00fc\u015fteri beklentisine uygun yap\u0131lar\u0131 zaman\u0131nda sunarak, m\u00fc\u015fteri memnuniyetini en \u00fcst seviyeye ta\u015f\u0131mak. Bireye Yat\u0131r\u0131m:\u00a0T\u00fcm faaliyetlerimizde uygulad\u0131\u011f\u0131m\u0131z; kalite, \u00e7evre, mimari estetik, i\u015f sa\u011fl\u0131\u011f\u0131 ve g\u00fcvenli\u011fi, y\u00f6netim sistemleri konular\u0131nda, bilin\u00e7li ve nitelikli personel yeti\u015ftirmek \u00fczere e\u011fitim s\u00fcre\u00e7leri \u00fczerinde titizlikle durmak. S\u00fcrekli Geli\u015fim:\u00a0\u00c7al\u0131\u015fanlara, yeni teknolojilere, \u00e7evreye, i\u015f sa\u011fl\u0131\u011f\u0131 ve g\u00fcvenli\u011fine yap\u0131lan yat\u0131r\u0131mlarla [&hellip;]<\/p>\n","protected":false},"author":1,"featured_media":0,"parent":0,"menu_order":0,"comment_status":"closed","ping_status":"closed","template":"","meta":{"footnotes":""},"class_list":["post-299","page","type-page","status-publish","hentry"],"_links":{"self":[{"href":"https:\/\/tekno-pet.com.tr\/index.php\/wp-json\/wp\/v2\/pages\/299"}],"collection":[{"href":"https:\/\/tekno-pet.com.tr\/index.php\/wp-json\/wp\/v2\/pages"}],"about":[{"href":"https:\/\/tekno-pet.com.tr\/index.php\/wp-json\/wp\/v2\/types\/page"}],"author":[{"embeddable":true,"href":"https:\/\/tekno-pet.com.tr\/index.php\/wp-json\/wp\/v2\/users\/1"}],"replies":[{"embeddable":true,"href":"https:\/\/tekno-pet.com.tr\/index.php\/wp-json\/wp\/v2\/comments?post=299"}],"version-history":[{"count":3,"href":"https:\/\/tekno-pet.com.tr\/index.php\/wp-json\/wp\/v2\/pages\/299\/revisions"}],"predecessor-version":[{"id":377,"href":"https:\/\/tekno-pet.com.tr\/index.php\/wp-json\/wp\/v2\/pages\/299\/revisions\/377"}],"wp:attachment":[{"href":"https:\/\/tekno-pet.com.tr\/index.php\/wp-json\/wp\/v2\/media?parent=299"}],"curies":[{"name":"wp","href":"https:\/\/api.w.org\/{rel}","templated":true}]}}