{"id":140,"date":"2022-04-10T07:23:29","date_gmt":"2022-04-10T07:23:29","guid":{"rendered":"https:\/\/tekno-pet.com.tr\/?page_id=140"},"modified":"2022-04-10T15:38:54","modified_gmt":"2022-04-10T15:38:54","slug":"bize-ulasin","status":"publish","type":"page","link":"https:\/\/tekno-pet.com.tr\/index.php\/bize-ulasin\/","title":{"rendered":"Bize Ula\u015f\u0131n"},"content":{"rendered":"<h3 style=\"text-align: center;\"><strong>Teknopet Petrol \u00dcr\u00fcn. G\u0131da Tur. Nak. San. ve Tic. Ltd. \u015eti.<\/strong><\/h3>\n<p style=\"text-align: center;\"><i class=\"fa fa-map-marker\"><\/i><strong>Adres:<\/strong> Samurlu Mh. Alia\u011fa Cd. No:45 Alia\u011fa \u2013\u0130ZM\u0130R<br \/>\n<i class=\"fa fa-envelope-o\"><\/i><strong>E-Mail<\/strong>: info@tekno-pet.com.tr<br \/>\n<i class=\"fa fa-phone\"><\/i><strong>Tel:<\/strong>+90 232 618 05 05\u00a0 \u00a0<strong>Fax:<\/strong>+90 232 618 00 01<\/p>\n<p style=\"text-align: center;\"><!--more--><iframe loading=\"lazy\" style=\"border: 0;\" src=\"https:\/\/www.google.com\/maps\/embed?pb=!1m16!1m12!1m3!1d118367.95729721047!2d26.905481757931323!3d38.77575033565332!2m3!1f0!2f0!3f0!3m2!1i1024!2i768!4f13.1!2m1!1zU2FtdXJsdSBNaC4gQWxpYcSfYSBDZC4gTm86NDUgQWxpYcSfYSDigJPEsFpNxLBS!5e0!3m2!1str!2str!4v1649602312867!5m2!1str!2str\" width=\"1200\" height=\"450\" allowfullscreen=\"allowfullscreen\"><span data-mce-type=\"bookmark\" style=\"display: inline-block; width: 0px; overflow: hidden; line-height: 0;\" class=\"mce_SELRES_start\">\ufeff<\/span><span data-mce-type=\"bookmark\" style=\"display: inline-block; width: 0px; overflow: hidden; line-height: 0;\" class=\"mce_SELRES_start\">\ufeff<\/span><span data-mce-type=\"bookmark\" style=\"display: inline-block; width: 0px; overflow: hidden; line-height: 0;\" class=\"mce_SELRES_start\">\ufeff<\/span><\/iframe><\/p>\n<p><!--more--><\/p>\n<p>&nbsp;<\/p>\n<p>&nbsp;<\/p>\n","protected":false},"excerpt":{"rendered":"<p>Teknopet Petrol \u00dcr\u00fcn. G\u0131da Tur. Nak. San. ve Tic. Ltd. \u015eti. Adres: Samurlu Mh. Alia\u011fa Cd. No:45 Alia\u011fa \u2013\u0130ZM\u0130R E-Mail: info@tekno-pet.com.tr Tel:+90 232 618 05 05\u00a0 \u00a0Fax:+90 232 618 00 01<\/p>\n","protected":false},"author":1,"featured_media":0,"parent":0,"menu_order":0,"comment_status":"closed","ping_status":"closed","template":"","meta":{"footnotes":""},"class_list":["post-140","page","type-page","status-publish","hentry"],"_links":{"self":[{"href":"https:\/\/tekno-pet.com.tr\/index.php\/wp-json\/wp\/v2\/pages\/140"}],"collection":[{"href":"https:\/\/tekno-pet.com.tr\/index.php\/wp-json\/wp\/v2\/pages"}],"about":[{"href":"https:\/\/tekno-pet.com.tr\/index.php\/wp-json\/wp\/v2\/types\/page"}],"author":[{"embeddable":true,"href":"https:\/\/tekno-pet.com.tr\/index.php\/wp-json\/wp\/v2\/users\/1"}],"replies":[{"embeddable":true,"href":"https:\/\/tekno-pet.com.tr\/index.php\/wp-json\/wp\/v2\/comments?post=140"}],"version-history":[{"count":10,"href":"https:\/\/tekno-pet.com.tr\/index.php\/wp-json\/wp\/v2\/pages\/140\/revisions"}],"predecessor-version":[{"id":259,"href":"https:\/\/tekno-pet.com.tr\/index.php\/wp-json\/wp\/v2\/pages\/140\/revisions\/259"}],"wp:attachment":[{"href":"https:\/\/tekno-pet.com.tr\/index.php\/wp-json\/wp\/v2\/media?parent=140"}],"curies":[{"name":"wp","href":"https:\/\/api.w.org\/{rel}","templated":true}]}}