{"id":121,"date":"2022-04-10T07:16:23","date_gmt":"2022-04-10T07:16:23","guid":{"rendered":"https:\/\/tekno-pet.com.tr\/?page_id=121"},"modified":"2022-04-21T11:41:13","modified_gmt":"2022-04-21T11:41:13","slug":"yapi-insaat","status":"publish","type":"page","link":"https:\/\/tekno-pet.com.tr\/index.php\/yapi-insaat\/","title":{"rendered":"Yap\u0131 \u0130n\u015faat"},"content":{"rendered":"<p><img loading=\"lazy\" decoding=\"async\" src=\"https:\/\/tekno-pet.com.tr\/wp-content\/uploads\/2022\/04\/tekno2-1024x797.jpg\" alt=\"\" width=\"700\" height=\"540\" class=\"aligncenter size-large wp-image-346\" \/><br \/>\nAkaryak\u0131t sekt\u00f6r\u00fcnde elde etti\u011fimiz ba\u015far\u0131lar ve g\u00fcvenin verdi\u011fi destek ile 2018 y\u0131l\u0131nda ba\u015flad\u0131\u011f\u0131m\u0131z Yap\u0131 \u0130n\u015faatlar\u0131nda k\u0131sa zamanda uzun yollar kat ettik , bunun neticesinde Yap\u0131 sekt\u00f6r\u00fcnde biz de var\u0131z diyebildik.<\/p>\n<p>Art\u0131k Yap\u0131 \u0130n\u015faat Sekt\u00f6r\u00fcnde imzam\u0131z\u0131 \u00e7ok s\u0131k g\u00f6rece\u011finize emin olabilirsiniz.<\/p>\n<p><strong>TEKNOPET (G\u00fcvene at\u0131lan imza)<\/strong><\/p>\n","protected":false},"excerpt":{"rendered":"<p>Akaryak\u0131t sekt\u00f6r\u00fcnde elde etti\u011fimiz ba\u015far\u0131lar ve g\u00fcvenin verdi\u011fi destek ile 2018 y\u0131l\u0131nda ba\u015flad\u0131\u011f\u0131m\u0131z Yap\u0131 \u0130n\u015faatlar\u0131nda k\u0131sa zamanda uzun yollar kat ettik , bunun neticesinde Yap\u0131 sekt\u00f6r\u00fcnde biz de var\u0131z diyebildik. Art\u0131k Yap\u0131 \u0130n\u015faat Sekt\u00f6r\u00fcnde imzam\u0131z\u0131 \u00e7ok s\u0131k g\u00f6rece\u011finize emin olabilirsiniz. TEKNOPET (G\u00fcvene at\u0131lan imza)<\/p>\n","protected":false},"author":1,"featured_media":0,"parent":0,"menu_order":0,"comment_status":"closed","ping_status":"closed","template":"","meta":{"footnotes":""},"class_list":["post-121","page","type-page","status-publish","hentry"],"_links":{"self":[{"href":"https:\/\/tekno-pet.com.tr\/index.php\/wp-json\/wp\/v2\/pages\/121"}],"collection":[{"href":"https:\/\/tekno-pet.com.tr\/index.php\/wp-json\/wp\/v2\/pages"}],"about":[{"href":"https:\/\/tekno-pet.com.tr\/index.php\/wp-json\/wp\/v2\/types\/page"}],"author":[{"embeddable":true,"href":"https:\/\/tekno-pet.com.tr\/index.php\/wp-json\/wp\/v2\/users\/1"}],"replies":[{"embeddable":true,"href":"https:\/\/tekno-pet.com.tr\/index.php\/wp-json\/wp\/v2\/comments?post=121"}],"version-history":[{"count":18,"href":"https:\/\/tekno-pet.com.tr\/index.php\/wp-json\/wp\/v2\/pages\/121\/revisions"}],"predecessor-version":[{"id":358,"href":"https:\/\/tekno-pet.com.tr\/index.php\/wp-json\/wp\/v2\/pages\/121\/revisions\/358"}],"wp:attachment":[{"href":"https:\/\/tekno-pet.com.tr\/index.php\/wp-json\/wp\/v2\/media?parent=121"}],"curies":[{"name":"wp","href":"https:\/\/api.w.org\/{rel}","templated":true}]}}