{"id":117,"date":"2022-04-10T07:15:48","date_gmt":"2022-04-10T07:15:48","guid":{"rendered":"https:\/\/tekno-pet.com.tr\/?page_id=117"},"modified":"2024-08-08T11:49:48","modified_gmt":"2024-08-08T11:49:48","slug":"teknopet-opet","status":"publish","type":"page","link":"https:\/\/tekno-pet.com.tr\/index.php\/teknopet-opet\/","title":{"rendered":"TeknoPet Opet"},"content":{"rendered":"<p><img loading=\"lazy\" decoding=\"async\" class=\"alignnone size-full wp-image-410\" src=\"https:\/\/tekno-pet.com.tr\/wp-content\/uploads\/2024\/08\/WhatsApp-Image-2024-07-18-at-16.34.22-2.jpeg\" alt=\"\" width=\"1600\" height=\"1066\" srcset=\"https:\/\/tekno-pet.com.tr\/wp-content\/uploads\/2024\/08\/WhatsApp-Image-2024-07-18-at-16.34.22-2.jpeg 1600w, https:\/\/tekno-pet.com.tr\/wp-content\/uploads\/2024\/08\/WhatsApp-Image-2024-07-18-at-16.34.22-2-300x200.jpeg 300w, https:\/\/tekno-pet.com.tr\/wp-content\/uploads\/2024\/08\/WhatsApp-Image-2024-07-18-at-16.34.22-2-1024x682.jpeg 1024w, https:\/\/tekno-pet.com.tr\/wp-content\/uploads\/2024\/08\/WhatsApp-Image-2024-07-18-at-16.34.22-2-768x512.jpeg 768w, https:\/\/tekno-pet.com.tr\/wp-content\/uploads\/2024\/08\/WhatsApp-Image-2024-07-18-at-16.34.22-2-1536x1023.jpeg 1536w\" sizes=\"(max-width: 1600px) 100vw, 1600px\" \/><br \/>\n1998 y\u0131l\u0131nda\u00a0 5500 metrekare alan\u0131m\u0131z \u00fcst\u00fcne toplam1000 metrekarelik kapal\u0131 alana kurulan tesisimizde \u0130dari bina, Kafeterya, Park alan\u0131, \u00c7ocuk Park\u0131, Market,\u00a0 Akaryak\u0131t ve\u00a0 Oto gaz da\u011f\u0131t\u0131m ve depolama tesislerimiz ile hizmet vermekteyiz.<\/p>\n","protected":false},"excerpt":{"rendered":"<p>1998 y\u0131l\u0131nda\u00a0 5500 metrekare alan\u0131m\u0131z \u00fcst\u00fcne toplam1000 metrekarelik kapal\u0131 alana kurulan tesisimizde \u0130dari bina, Kafeterya, Park alan\u0131, \u00c7ocuk Park\u0131, Market,\u00a0 Akaryak\u0131t ve\u00a0 Oto gaz da\u011f\u0131t\u0131m ve depolama tesislerimiz ile hizmet vermekteyiz.<\/p>\n","protected":false},"author":1,"featured_media":0,"parent":0,"menu_order":0,"comment_status":"closed","ping_status":"closed","template":"","meta":{"footnotes":""},"class_list":["post-117","page","type-page","status-publish","hentry"],"_links":{"self":[{"href":"https:\/\/tekno-pet.com.tr\/index.php\/wp-json\/wp\/v2\/pages\/117"}],"collection":[{"href":"https:\/\/tekno-pet.com.tr\/index.php\/wp-json\/wp\/v2\/pages"}],"about":[{"href":"https:\/\/tekno-pet.com.tr\/index.php\/wp-json\/wp\/v2\/types\/page"}],"author":[{"embeddable":true,"href":"https:\/\/tekno-pet.com.tr\/index.php\/wp-json\/wp\/v2\/users\/1"}],"replies":[{"embeddable":true,"href":"https:\/\/tekno-pet.com.tr\/index.php\/wp-json\/wp\/v2\/comments?post=117"}],"version-history":[{"count":16,"href":"https:\/\/tekno-pet.com.tr\/index.php\/wp-json\/wp\/v2\/pages\/117\/revisions"}],"predecessor-version":[{"id":414,"href":"https:\/\/tekno-pet.com.tr\/index.php\/wp-json\/wp\/v2\/pages\/117\/revisions\/414"}],"wp:attachment":[{"href":"https:\/\/tekno-pet.com.tr\/index.php\/wp-json\/wp\/v2\/media?parent=117"}],"curies":[{"name":"wp","href":"https:\/\/api.w.org\/{rel}","templated":true}]}}