{"id":106,"date":"2022-04-10T07:10:05","date_gmt":"2022-04-10T07:10:05","guid":{"rendered":"https:\/\/tekno-pet.com.tr\/?page_id=106"},"modified":"2022-04-21T11:58:32","modified_gmt":"2022-04-21T11:58:32","slug":"misyon","status":"publish","type":"page","link":"https:\/\/tekno-pet.com.tr\/index.php\/misyon\/","title":{"rendered":"Vizyon"},"content":{"rendered":"<h1 style=\"text-align: center;\">Vizyon<\/h1>\n<p>T\u00fcrkiye ile s\u0131n\u0131rl\u0131 kalmayarak yak\u0131n co\u011frafyas\u0131na da ula\u015farak, \u00f6rnek i\u015f ve ya\u015fam alanlar\u0131 yaratarak, bu \u00f6zelli\u011fi ile gerek ulusal gerek uluslar aras\u0131 platformda lider olmakt\u0131r.<\/p>\n<p>\u0130n\u015faat ve Akaryak\u0131t da\u011f\u0131t\u0131m\u0131 sekt\u00f6r\u00fcnde; verimlilik, kalite, i\u015f ve \u00e7al\u0131\u015fan g\u00fcvenli\u011fi konular\u0131nda standartlar\u0131 belirleyen \u00f6nc\u00fc bir firma olmay\u0131 s\u00fcrd\u00fcrmektir.<\/p>\n","protected":false},"excerpt":{"rendered":"<p>Vizyon T\u00fcrkiye ile s\u0131n\u0131rl\u0131 kalmayarak yak\u0131n co\u011frafyas\u0131na da ula\u015farak, \u00f6rnek i\u015f ve ya\u015fam alanlar\u0131 yaratarak, bu \u00f6zelli\u011fi ile gerek ulusal gerek uluslar aras\u0131 platformda lider olmakt\u0131r. \u0130n\u015faat ve Akaryak\u0131t da\u011f\u0131t\u0131m\u0131 sekt\u00f6r\u00fcnde; verimlilik, kalite, i\u015f ve \u00e7al\u0131\u015fan g\u00fcvenli\u011fi konular\u0131nda standartlar\u0131 belirleyen \u00f6nc\u00fc bir firma olmay\u0131 s\u00fcrd\u00fcrmektir.<\/p>\n","protected":false},"author":1,"featured_media":0,"parent":0,"menu_order":0,"comment_status":"closed","ping_status":"closed","template":"","meta":{"footnotes":""},"class_list":["post-106","page","type-page","status-publish","hentry"],"_links":{"self":[{"href":"https:\/\/tekno-pet.com.tr\/index.php\/wp-json\/wp\/v2\/pages\/106"}],"collection":[{"href":"https:\/\/tekno-pet.com.tr\/index.php\/wp-json\/wp\/v2\/pages"}],"about":[{"href":"https:\/\/tekno-pet.com.tr\/index.php\/wp-json\/wp\/v2\/types\/page"}],"author":[{"embeddable":true,"href":"https:\/\/tekno-pet.com.tr\/index.php\/wp-json\/wp\/v2\/users\/1"}],"replies":[{"embeddable":true,"href":"https:\/\/tekno-pet.com.tr\/index.php\/wp-json\/wp\/v2\/comments?post=106"}],"version-history":[{"count":5,"href":"https:\/\/tekno-pet.com.tr\/index.php\/wp-json\/wp\/v2\/pages\/106\/revisions"}],"predecessor-version":[{"id":373,"href":"https:\/\/tekno-pet.com.tr\/index.php\/wp-json\/wp\/v2\/pages\/106\/revisions\/373"}],"wp:attachment":[{"href":"https:\/\/tekno-pet.com.tr\/index.php\/wp-json\/wp\/v2\/media?parent=106"}],"curies":[{"name":"wp","href":"https:\/\/api.w.org\/{rel}","templated":true}]}}