{"id":102,"date":"2022-04-10T07:08:15","date_gmt":"2022-04-10T07:08:15","guid":{"rendered":"https:\/\/tekno-pet.com.tr\/?page_id=102"},"modified":"2022-04-21T13:33:25","modified_gmt":"2022-04-21T13:33:25","slug":"hakkimizda","status":"publish","type":"page","link":"https:\/\/tekno-pet.com.tr\/index.php\/hakkimizda\/","title":{"rendered":"Hakk\u0131m\u0131zda"},"content":{"rendered":"<h1 style=\"text-align: center;\">Hakk\u0131m\u0131zda<\/h1>\n<p>1998 Y\u0131l\u0131nda Akaryak\u0131t Sekt\u00f6r\u00fcnde faaliyet g\u00f6stermek amac\u0131 ile kurulan\u00a0 firmam\u0131z , O g\u00fcnden bug\u00fcne <strong>OPET<\/strong> kalitesi ile M\u00fc\u015fterilerine en iyi hizmeti vermeyi politika haline getirerek , Ege\u2019nin incisi Alia\u011fa ve \u00e7evresinde Toptan ve Perakende Akaryak\u0131t ,Oto gaz da\u011f\u0131t\u0131m hizmeti vermektedir.<\/p>\n<p>M\u00fc\u015fteri\u00a0 memnuniyetinin \u00c7al\u0131\u015fanlar\u0131n , Tedarik\u00e7ilerin ve \u00c7\u00f6z\u00fcm Ortaklar\u0131n\u0131n kalitesine ba\u011fl\u0131 oldu\u011funa \u0130nanan \u015firketimiz M\u00fc\u015fterilerin memnuniyeti i\u00e7in her zaman En kaliteli Tedarik\u00e7iler , en Prestijli \u00c7\u00f6z\u00fcm ortaklar\u0131 ve en Donan\u0131ml\u0131 Personelleri ile\u00a0 \u00e7al\u0131\u015fmakta , Faaliyette oldu\u011fu b\u00f6lgelerde yeniliklerin \u00f6nc\u00fcs\u00fc olmaktad\u0131r.<\/p>\n<p>M\u00fc\u015fteri isteklerinin getirdi\u011fi d\u00f6n\u00fc\u015f\u00fcm ile \u00c7al\u0131\u015fanlar\u0131n\u0131, \u00c7\u00f6z\u00fcm Ortaklar\u0131n\u0131 ve Tedarik\u00e7ilerini s\u00fcrekli haz\u0131rlayan<strong> TEKNOPET PET LTD.\u015e<\/strong>T\u0130. uygulamaya koydu\u011fu t\u00fcm politikalar\u0131 zorunluluk de\u011fil , Bir gereklilik olarak kabul etmektedir.<\/p>\n","protected":false},"excerpt":{"rendered":"<p>Hakk\u0131m\u0131zda 1998 Y\u0131l\u0131nda Akaryak\u0131t Sekt\u00f6r\u00fcnde faaliyet g\u00f6stermek amac\u0131 ile kurulan\u00a0 firmam\u0131z , O g\u00fcnden bug\u00fcne OPET kalitesi ile M\u00fc\u015fterilerine en iyi hizmeti vermeyi politika haline getirerek , Ege\u2019nin incisi Alia\u011fa ve \u00e7evresinde Toptan ve Perakende Akaryak\u0131t ,Oto gaz da\u011f\u0131t\u0131m hizmeti vermektedir. M\u00fc\u015fteri\u00a0 memnuniyetinin \u00c7al\u0131\u015fanlar\u0131n , Tedarik\u00e7ilerin ve \u00c7\u00f6z\u00fcm Ortaklar\u0131n\u0131n kalitesine ba\u011fl\u0131 oldu\u011funa \u0130nanan \u015firketimiz M\u00fc\u015fterilerin [&hellip;]<\/p>\n","protected":false},"author":1,"featured_media":0,"parent":0,"menu_order":0,"comment_status":"closed","ping_status":"closed","template":"","meta":{"footnotes":""},"class_list":["post-102","page","type-page","status-publish","hentry"],"_links":{"self":[{"href":"https:\/\/tekno-pet.com.tr\/index.php\/wp-json\/wp\/v2\/pages\/102"}],"collection":[{"href":"https:\/\/tekno-pet.com.tr\/index.php\/wp-json\/wp\/v2\/pages"}],"about":[{"href":"https:\/\/tekno-pet.com.tr\/index.php\/wp-json\/wp\/v2\/types\/page"}],"author":[{"embeddable":true,"href":"https:\/\/tekno-pet.com.tr\/index.php\/wp-json\/wp\/v2\/users\/1"}],"replies":[{"embeddable":true,"href":"https:\/\/tekno-pet.com.tr\/index.php\/wp-json\/wp\/v2\/comments?post=102"}],"version-history":[{"count":6,"href":"https:\/\/tekno-pet.com.tr\/index.php\/wp-json\/wp\/v2\/pages\/102\/revisions"}],"predecessor-version":[{"id":376,"href":"https:\/\/tekno-pet.com.tr\/index.php\/wp-json\/wp\/v2\/pages\/102\/revisions\/376"}],"wp:attachment":[{"href":"https:\/\/tekno-pet.com.tr\/index.php\/wp-json\/wp\/v2\/media?parent=102"}],"curies":[{"name":"wp","href":"https:\/\/api.w.org\/{rel}","templated":true}]}}